{"id":680,"date":"2023-10-30T09:28:46","date_gmt":"2023-10-30T09:28:46","guid":{"rendered":"https:\/\/medigura.com\/sobre-nos\/"},"modified":"2023-12-02T10:15:07","modified_gmt":"2023-12-02T10:15:07","slug":"sobre-nos","status":"publish","type":"page","link":"https:\/\/medigura.com\/pt-pt\/sobre-nos\/","title":{"rendered":"Sobre n\u00f3s"},"content":{"rendered":"\t\t<div data-elementor-type=\"wp-page\" data-elementor-id=\"680\" class=\"elementor elementor-680 elementor-16\">\n\t\t\t\t\t\t<section class=\"elementor-section elementor-top-section elementor-element elementor-element-6f8253b2 elementor-section-full_width elementor-section-height-min-height elementor-section-height-default elementor-section-items-middle\" data-id=\"6f8253b2\" data-element_type=\"section\" data-e-type=\"section\" data-settings=\"{&quot;background_background&quot;:&quot;classic&quot;}\">\n\t\t\t\t\t\t\t<div class=\"elementor-background-overlay\"><\/div>\n\t\t\t\t\t\t\t<div class=\"elementor-container elementor-column-gap-default\">\n\t\t\t\t\t<div class=\"elementor-column elementor-col-100 elementor-top-column elementor-element elementor-element-12f040a3\" data-id=\"12f040a3\" data-element_type=\"column\" data-e-type=\"column\">\n\t\t\t<div class=\"elementor-widget-wrap elementor-element-populated\">\n\t\t\t\t\t\t<div class=\"elementor-element elementor-element-5df68492 elementor-invisible elementor-widget elementor-widget-heading\" data-id=\"5df68492\" data-element_type=\"widget\" data-e-type=\"widget\" data-settings=\"{&quot;_animation&quot;:&quot;fadeInRight&quot;}\" data-widget_type=\"heading.default\">\n\t\t\t\t<div class=\"elementor-widget-container\">\n\t\t\t\t\t<h1 class=\"elementor-heading-title elementor-size-default\">Sobre n\u00f3s<\/h1>\t\t\t\t<\/div>\n\t\t\t\t<\/div>\n\t\t\t\t\t<\/div>\n\t\t<\/div>\n\t\t\t\t\t<\/div>\n\t\t<\/section>\n\t\t\t\t<section class=\"elementor-section elementor-inner-section elementor-element elementor-element-7d048476 elementor-section-boxed elementor-section-height-default elementor-section-height-default\" data-id=\"7d048476\" data-element_type=\"section\" data-e-type=\"section\">\n\t\t\t\t\t\t<div class=\"elementor-container elementor-column-gap-default\">\n\t\t\t\t\t<div class=\"elementor-column elementor-col-50 elementor-inner-column elementor-element elementor-element-313e7aa8 elementor-invisible\" data-id=\"313e7aa8\" data-element_type=\"column\" data-e-type=\"column\" data-settings=\"{&quot;animation&quot;:&quot;fadeInLeft&quot;}\">\n\t\t\t<div class=\"elementor-widget-wrap elementor-element-populated\">\n\t\t\t\t\t\t<div class=\"elementor-element elementor-element-5a7cbff4 elementor-widget elementor-widget-image\" data-id=\"5a7cbff4\" data-element_type=\"widget\" data-e-type=\"widget\" data-widget_type=\"image.default\">\n\t\t\t\t<div class=\"elementor-widget-container\">\n\t\t\t\t\t\t\t\t\t\t\t\t\t\t\t<img fetchpriority=\"high\" decoding=\"async\" width=\"1280\" height=\"853\" src=\"https:\/\/medigura.com\/wp-content\/uploads\/2023\/11\/laboratory-563423_1280.jpg\" class=\"elementor-animation-float attachment-full size-full wp-image-659\" alt=\"\" srcset=\"https:\/\/medigura.com\/wp-content\/uploads\/2023\/11\/laboratory-563423_1280.jpg 1280w, https:\/\/medigura.com\/wp-content\/uploads\/2023\/11\/laboratory-563423_1280-300x200.jpg 300w, https:\/\/medigura.com\/wp-content\/uploads\/2023\/11\/laboratory-563423_1280-1024x682.jpg 1024w, https:\/\/medigura.com\/wp-content\/uploads\/2023\/11\/laboratory-563423_1280-768x512.jpg 768w\" sizes=\"(max-width: 1280px) 100vw, 1280px\" \/>\t\t\t\t\t\t\t\t\t\t\t\t\t\t\t<\/div>\n\t\t\t\t<\/div>\n\t\t\t\t\t<\/div>\n\t\t<\/div>\n\t\t\t\t<div class=\"elementor-column elementor-col-50 elementor-inner-column elementor-element elementor-element-ebf96a9 elementor-invisible\" data-id=\"ebf96a9\" data-element_type=\"column\" data-e-type=\"column\" data-settings=\"{&quot;background_background&quot;:&quot;classic&quot;,&quot;animation&quot;:&quot;fadeInRight&quot;}\">\n\t\t\t<div class=\"elementor-widget-wrap elementor-element-populated\">\n\t\t\t\t\t\t<div class=\"elementor-element elementor-element-7e38d1d9 elementor-widget elementor-widget-heading\" data-id=\"7e38d1d9\" data-element_type=\"widget\" data-e-type=\"widget\" data-widget_type=\"heading.default\">\n\t\t\t\t<div class=\"elementor-widget-container\">\n\t\t\t\t\t<h2 class=\"elementor-heading-title elementor-size-default\">Quem somos<\/h2>\t\t\t\t<\/div>\n\t\t\t\t<\/div>\n\t\t\t\t<div class=\"elementor-element elementor-element-55f9dc2f elementor-widget elementor-widget-text-editor\" data-id=\"55f9dc2f\" data-element_type=\"widget\" data-e-type=\"widget\" data-widget_type=\"text-editor.default\">\n\t\t\t\t<div class=\"elementor-widget-container\">\n\t\t\t\t\t\t\t\t\t<p>A Medigura \u00e9 um grupo globalmente ativo de fabricantes de v\u00e1rios produtos de tecnologia m\u00e9dica, EPI e tecnologia laboratorial, bem como de mat\u00e9rias-primas farmac\u00eauticas.<\/p>\n<p>Gra\u00e7as ao nosso amplo posicionamento global, a Medigura est\u00e1 sempre em condi\u00e7\u00f5es de satisfazer at\u00e9 as necessidades mais individuais dos clientes.<\/p>\n<p>A Medigura tem acesso a um sistema de transporte e de log\u00edstica de malha estreita e global, pelo que as entregas a tempo s\u00e3o sempre garantidas.<\/p>\n<p>A Medigura afirma estar na vanguarda do desenvolvimento m\u00e9dico com os seus produtos. A Medigura tamb\u00e9m segue o seu pr\u00f3prio caminho na concetualiza\u00e7\u00e3o e desenvolvimento de produtos novos e inovadores.<\/p>\n<p>A Medigura trabalha em estreita colabora\u00e7\u00e3o com os seus clientes e oferece-lhes um aconselhamento abrangente, quer se trate de aprovisionamento, desenvolvimento de produtos ou fabrico por contrato.<\/p>\n\t\t\t\t\t\t\t\t<\/div>\n\t\t\t\t<\/div>\n\t\t\t\t\t<\/div>\n\t\t<\/div>\n\t\t\t\t\t<\/div>\n\t\t<\/section>\n\t\t\t\t<section class=\"elementor-section elementor-inner-section elementor-element elementor-element-77df4427 elementor-section-boxed elementor-section-height-default elementor-section-height-default\" data-id=\"77df4427\" data-element_type=\"section\" data-e-type=\"section\">\n\t\t\t\t\t\t<div class=\"elementor-container elementor-column-gap-default\">\n\t\t\t\t\t<div class=\"elementor-column elementor-col-50 elementor-inner-column elementor-element elementor-element-2900033d elementor-invisible\" data-id=\"2900033d\" data-element_type=\"column\" data-e-type=\"column\" data-settings=\"{&quot;animation&quot;:&quot;fadeInLeft&quot;}\">\n\t\t\t<div class=\"elementor-widget-wrap elementor-element-populated\">\n\t\t\t\t\t\t<div class=\"elementor-element elementor-element-10b5b3c1 elementor-widget elementor-widget-image\" data-id=\"10b5b3c1\" data-element_type=\"widget\" data-e-type=\"widget\" data-widget_type=\"image.default\">\n\t\t\t\t<div class=\"elementor-widget-container\">\n\t\t\t\t\t\t\t\t\t\t\t\t\t\t\t<img decoding=\"async\" width=\"1280\" height=\"854\" src=\"https:\/\/medigura.com\/wp-content\/uploads\/2023\/11\/treatment-4099432_1280.jpg\" class=\"elementor-animation-float attachment-full size-full wp-image-655\" alt=\"\" srcset=\"https:\/\/medigura.com\/wp-content\/uploads\/2023\/11\/treatment-4099432_1280.jpg 1280w, https:\/\/medigura.com\/wp-content\/uploads\/2023\/11\/treatment-4099432_1280-300x200.jpg 300w, https:\/\/medigura.com\/wp-content\/uploads\/2023\/11\/treatment-4099432_1280-1024x683.jpg 1024w, https:\/\/medigura.com\/wp-content\/uploads\/2023\/11\/treatment-4099432_1280-768x512.jpg 768w\" sizes=\"(max-width: 1280px) 100vw, 1280px\" \/>\t\t\t\t\t\t\t\t\t\t\t\t\t\t\t<\/div>\n\t\t\t\t<\/div>\n\t\t\t\t\t<\/div>\n\t\t<\/div>\n\t\t\t\t<div class=\"elementor-column elementor-col-50 elementor-inner-column elementor-element elementor-element-42780fc9 elementor-invisible\" data-id=\"42780fc9\" data-element_type=\"column\" data-e-type=\"column\" data-settings=\"{&quot;background_background&quot;:&quot;classic&quot;,&quot;animation&quot;:&quot;fadeInRight&quot;}\">\n\t\t\t<div class=\"elementor-widget-wrap elementor-element-populated\">\n\t\t\t\t\t\t<div class=\"elementor-element elementor-element-71b4d76d elementor-widget elementor-widget-heading\" data-id=\"71b4d76d\" data-element_type=\"widget\" data-e-type=\"widget\" data-widget_type=\"heading.default\">\n\t\t\t\t<div class=\"elementor-widget-container\">\n\t\t\t\t\t<h2 class=\"elementor-heading-title elementor-size-default\">O que defendemos<\/h2>\t\t\t\t<\/div>\n\t\t\t\t<\/div>\n\t\t\t\t<div class=\"elementor-element elementor-element-2c170fe1 elementor-widget elementor-widget-text-editor\" data-id=\"2c170fe1\" data-element_type=\"widget\" data-e-type=\"widget\" data-widget_type=\"text-editor.default\">\n\t\t\t\t<div class=\"elementor-widget-container\">\n\t\t\t\t\t\t\t\t\t<p>A Medigura \u00e9 sin\u00f3nimo da mais elevada qualidade, gra\u00e7as \u00e0 sua gest\u00e3o de qualidade comprovada e abrangente.<\/p>\n<p>Os muitos anos de constru\u00e7\u00e3o de refer\u00eancias bem conhecidas fazem da Medigura um especialista reconhecido e fi\u00e1vel no dom\u00ednio da tecnologia m\u00e9dica entre os seus clientes e parceiros.<\/p>\n<p>A Medigura \u00e9 o parceiro ao seu lado para cobrir as suas necessidades de produtos m\u00e9dicos de forma ampla e fi\u00e1vel.<\/p>\n<p>A Medigura permite satisfazer rapidamente at\u00e9 os pedidos mais especiais dos clientes, independentemente da quantidade e do produto.<\/p>\n\t\t\t\t\t\t\t\t<\/div>\n\t\t\t\t<\/div>\n\t\t\t\t\t<\/div>\n\t\t<\/div>\n\t\t\t\t\t<\/div>\n\t\t<\/section>\n\t\t\t\t<section class=\"elementor-section elementor-inner-section elementor-element elementor-element-5f7939e2 elementor-section-boxed elementor-section-height-default elementor-section-height-default\" data-id=\"5f7939e2\" data-element_type=\"section\" data-e-type=\"section\">\n\t\t\t\t\t\t<div class=\"elementor-container elementor-column-gap-default\">\n\t\t\t\t\t<div class=\"elementor-column elementor-col-50 elementor-inner-column elementor-element elementor-element-bbb2ee0 elementor-invisible\" data-id=\"bbb2ee0\" data-element_type=\"column\" data-e-type=\"column\" data-settings=\"{&quot;animation&quot;:&quot;fadeInLeft&quot;}\">\n\t\t\t<div class=\"elementor-widget-wrap elementor-element-populated\">\n\t\t\t\t\t\t<div class=\"elementor-element elementor-element-e56afc elementor-widget elementor-widget-image\" data-id=\"e56afc\" data-element_type=\"widget\" data-e-type=\"widget\" data-widget_type=\"image.default\">\n\t\t\t\t<div class=\"elementor-widget-container\">\n\t\t\t\t\t\t\t\t\t\t\t\t\t\t\t<img decoding=\"async\" width=\"1280\" height=\"853\" src=\"https:\/\/medigura.com\/wp-content\/uploads\/2023\/11\/covid-19-5169689_1280.jpg\" class=\"elementor-animation-float attachment-full size-full wp-image-663\" alt=\"\" srcset=\"https:\/\/medigura.com\/wp-content\/uploads\/2023\/11\/covid-19-5169689_1280.jpg 1280w, https:\/\/medigura.com\/wp-content\/uploads\/2023\/11\/covid-19-5169689_1280-300x200.jpg 300w, https:\/\/medigura.com\/wp-content\/uploads\/2023\/11\/covid-19-5169689_1280-1024x682.jpg 1024w, https:\/\/medigura.com\/wp-content\/uploads\/2023\/11\/covid-19-5169689_1280-768x512.jpg 768w\" sizes=\"(max-width: 1280px) 100vw, 1280px\" \/>\t\t\t\t\t\t\t\t\t\t\t\t\t\t\t<\/div>\n\t\t\t\t<\/div>\n\t\t\t\t\t<\/div>\n\t\t<\/div>\n\t\t\t\t<div class=\"elementor-column elementor-col-50 elementor-inner-column elementor-element elementor-element-6afb8778 elementor-invisible\" data-id=\"6afb8778\" data-element_type=\"column\" data-e-type=\"column\" data-settings=\"{&quot;background_background&quot;:&quot;classic&quot;,&quot;animation&quot;:&quot;fadeInRight&quot;}\">\n\t\t\t<div class=\"elementor-widget-wrap elementor-element-populated\">\n\t\t\t\t\t\t<div class=\"elementor-element elementor-element-265d1059 elementor-widget elementor-widget-heading\" data-id=\"265d1059\" data-element_type=\"widget\" data-e-type=\"widget\" data-widget_type=\"heading.default\">\n\t\t\t\t<div class=\"elementor-widget-container\">\n\t\t\t\t\t<h2 class=\"elementor-heading-title elementor-size-default\">Quais s\u00e3o os nossos objectivos<\/h2>\t\t\t\t<\/div>\n\t\t\t\t<\/div>\n\t\t\t\t<div class=\"elementor-element elementor-element-680bf89e elementor-widget elementor-widget-text-editor\" data-id=\"680bf89e\" data-element_type=\"widget\" data-e-type=\"widget\" data-widget_type=\"text-editor.default\">\n\t\t\t\t<div class=\"elementor-widget-container\">\n\t\t\t\t\t\t\t\t\t<p>Na Medigura, o cliente est\u00e1 em primeiro lugar. A nossa vis\u00e3o \u00e9 que os nossos clientes possam concentrar-se nos seus pontos fortes, nos desafios di\u00e1rios e nas oportunidades de desenvolvimento connosco ao seu lado. Queremos ajudar os nossos clientes a desenvolverem-se da melhor forma poss\u00edvel e promover o seu crescimento em conjunto. Na Medigura, tornamos isto poss\u00edvel assegurando o fornecimento permanente de bens aos nossos clientes.<\/p>\n<p>Estamos convencidos de que os nossos clientes s\u00e3o t\u00e3o individuais como as nossas solu\u00e7\u00f5es. \u00c9 por isso que apostamos num conceito personalizado, desde o desenvolvimento do produto at\u00e9 \u00e0 produ\u00e7\u00e3o e log\u00edstica. Na Medigura, otimizar o tempo e a efici\u00eancia de custos dos nossos clientes e parceiros \u00e9 a nossa ambi\u00e7\u00e3o e o nosso objetivo.<\/p>\t\t\t\t\t\t\t\t<\/div>\n\t\t\t\t<\/div>\n\t\t\t\t\t<\/div>\n\t\t<\/div>\n\t\t\t\t\t<\/div>\n\t\t<\/section>\n\t\t\t\t<section class=\"elementor-section elementor-inner-section elementor-element elementor-element-022c34a elementor-section-boxed elementor-section-height-default elementor-section-height-default\" data-id=\"022c34a\" data-element_type=\"section\" data-e-type=\"section\">\n\t\t\t\t\t\t<div class=\"elementor-container elementor-column-gap-default\">\n\t\t\t\t\t<div class=\"elementor-column elementor-col-50 elementor-inner-column elementor-element elementor-element-0243f62 elementor-invisible\" data-id=\"0243f62\" data-element_type=\"column\" data-e-type=\"column\" data-settings=\"{&quot;animation&quot;:&quot;fadeInLeft&quot;}\">\n\t\t\t<div class=\"elementor-widget-wrap elementor-element-populated\">\n\t\t\t\t\t\t<div class=\"elementor-element elementor-element-ab3e410 elementor-widget elementor-widget-image\" data-id=\"ab3e410\" data-element_type=\"widget\" data-e-type=\"widget\" data-widget_type=\"image.default\">\n\t\t\t\t<div class=\"elementor-widget-container\">\n\t\t\t\t\t\t\t\t\t\t\t\t\t\t\t<img loading=\"lazy\" decoding=\"async\" width=\"1280\" height=\"852\" src=\"https:\/\/medigura.com\/wp-content\/uploads\/2023\/11\/protective-suit-5716753_1280.jpg\" class=\"elementor-animation-float attachment-full size-full wp-image-667\" alt=\"\" srcset=\"https:\/\/medigura.com\/wp-content\/uploads\/2023\/11\/protective-suit-5716753_1280.jpg 1280w, https:\/\/medigura.com\/wp-content\/uploads\/2023\/11\/protective-suit-5716753_1280-300x200.jpg 300w, https:\/\/medigura.com\/wp-content\/uploads\/2023\/11\/protective-suit-5716753_1280-1024x682.jpg 1024w, https:\/\/medigura.com\/wp-content\/uploads\/2023\/11\/protective-suit-5716753_1280-768x511.jpg 768w\" sizes=\"(max-width: 1280px) 100vw, 1280px\" \/>\t\t\t\t\t\t\t\t\t\t\t\t\t\t\t<\/div>\n\t\t\t\t<\/div>\n\t\t\t\t\t<\/div>\n\t\t<\/div>\n\t\t\t\t<div class=\"elementor-column elementor-col-50 elementor-inner-column elementor-element elementor-element-993ff2a elementor-invisible\" data-id=\"993ff2a\" data-element_type=\"column\" data-e-type=\"column\" data-settings=\"{&quot;background_background&quot;:&quot;classic&quot;,&quot;animation&quot;:&quot;fadeInRight&quot;}\">\n\t\t\t<div class=\"elementor-widget-wrap elementor-element-populated\">\n\t\t\t\t\t\t<div class=\"elementor-element elementor-element-700f704 elementor-widget elementor-widget-heading\" data-id=\"700f704\" data-element_type=\"widget\" data-e-type=\"widget\" data-widget_type=\"heading.default\">\n\t\t\t\t<div class=\"elementor-widget-container\">\n\t\t\t\t\t<h2 class=\"elementor-heading-title elementor-size-default\">Quais s\u00e3o os nossos valores<\/h2>\t\t\t\t<\/div>\n\t\t\t\t<\/div>\n\t\t\t\t<div class=\"elementor-element elementor-element-66e1efa elementor-widget elementor-widget-text-editor\" data-id=\"66e1efa\" data-element_type=\"widget\" data-e-type=\"widget\" data-widget_type=\"text-editor.default\">\n\t\t\t\t<div class=\"elementor-widget-container\">\n\t\t\t\t\t\t\t\t\t<p>A Medigura n\u00e3o se caracteriza apenas pela elevada qualidade dos seus produtos, mas tamb\u00e9m por uma produ\u00e7\u00e3o sustent\u00e1vel e conservadora de recursos, com percursos de transporte o mais curtos poss\u00edvel e conscientes do ambiente. Nesta base, na Medigura sentimo-nos obrigados a agir sempre de forma respons\u00e1vel, amiga do ambiente e orientada para o futuro.<\/p>\n\t\t\t\t\t\t\t\t<\/div>\n\t\t\t\t<\/div>\n\t\t\t\t\t<\/div>\n\t\t<\/div>\n\t\t\t\t\t<\/div>\n\t\t<\/section>\n\t\t\t\t<section class=\"elementor-section elementor-top-section elementor-element elementor-element-78ba5327 elementor-section-boxed elementor-section-height-default elementor-section-height-default\" data-id=\"78ba5327\" data-element_type=\"section\" data-e-type=\"section\" data-settings=\"{&quot;background_background&quot;:&quot;classic&quot;}\">\n\t\t\t\t\t\t\t<div class=\"elementor-background-overlay\"><\/div>\n\t\t\t\t\t\t\t<div class=\"elementor-container elementor-column-gap-default\">\n\t\t\t\t\t<div class=\"elementor-column elementor-col-100 elementor-top-column elementor-element elementor-element-184535fe\" data-id=\"184535fe\" data-element_type=\"column\" data-e-type=\"column\">\n\t\t\t<div class=\"elementor-widget-wrap elementor-element-populated\">\n\t\t\t\t\t\t<section class=\"elementor-section elementor-inner-section elementor-element elementor-element-5e3a1953 elementor-section-boxed elementor-section-height-default elementor-section-height-default\" data-id=\"5e3a1953\" data-element_type=\"section\" data-e-type=\"section\">\n\t\t\t\t\t\t<div class=\"elementor-container elementor-column-gap-default\">\n\t\t\t\t\t<div class=\"elementor-column elementor-col-100 elementor-inner-column elementor-element elementor-element-1260aed0\" data-id=\"1260aed0\" data-element_type=\"column\" data-e-type=\"column\" data-settings=\"{&quot;background_background&quot;:&quot;classic&quot;}\">\n\t\t\t<div class=\"elementor-widget-wrap elementor-element-populated\">\n\t\t\t\t\t\t<div class=\"elementor-element elementor-element-12f1e94f elementor-widget elementor-widget-heading\" data-id=\"12f1e94f\" data-element_type=\"widget\" data-e-type=\"widget\" data-widget_type=\"heading.default\">\n\t\t\t\t<div class=\"elementor-widget-container\">\n\t\t\t\t\t<span class=\"elementor-heading-title elementor-size-default\">Tornar o mundo um pouco mais seguro...<\/span>\t\t\t\t<\/div>\n\t\t\t\t<\/div>\n\t\t\t\t<div class=\"elementor-element elementor-element-8af1078 elementor-widget elementor-widget-text-editor\" data-id=\"8af1078\" data-element_type=\"widget\" data-e-type=\"widget\" data-widget_type=\"text-editor.default\">\n\t\t\t\t<div class=\"elementor-widget-container\">\n\t\t\t\t\t\t\t\t\t<p>Tem alguma pergunta ou procura um produto para as suas necessidades?<br \/>Temos o prazer de o ajudar e aconselhar todos os dias.<\/p>\n\t\t\t\t\t\t\t\t<\/div>\n\t\t\t\t<\/div>\n\t\t\t\t\t<\/div>\n\t\t<\/div>\n\t\t\t\t\t<\/div>\n\t\t<\/section>\n\t\t\t\t\t<\/div>\n\t\t<\/div>\n\t\t\t\t\t<\/div>\n\t\t<\/section>\n\t\t<div class=\"elementor-element elementor-element-2a46967b e-flex e-con-boxed e-con e-parent\" data-id=\"2a46967b\" data-element_type=\"container\" data-e-type=\"container\" data-settings=\"{&quot;background_background&quot;:&quot;classic&quot;}\">\n\t\t\t\t\t<div class=\"e-con-inner\">\n\t\t<div class=\"elementor-element elementor-element-6bdfc65e e-con-full e-flex e-con e-child\" data-id=\"6bdfc65e\" data-element_type=\"container\" data-e-type=\"container\">\n\t\t\t\t<div class=\"elementor-element elementor-element-2b288aa2 elementor-widget elementor-widget-text-editor\" data-id=\"2b288aa2\" data-element_type=\"widget\" data-e-type=\"widget\" data-widget_type=\"text-editor.default\">\n\t\t\t\t<div class=\"elementor-widget-container\">\n\t\t\t\t\t\t\t\t\t<p>Medigura GmbH<br \/>Herrenpfad-South 9<br \/>41334 Nettetal<br \/>Tel: +49 (0) 2157 143 81 70<br \/>Fax: +49 (0) 2157 126 14 82<br \/>info@medigura.com<\/p>\n\t\t\t\t\t\t\t\t<\/div>\n\t\t\t\t<\/div>\n\t\t\t\t<\/div>\n\t\t<div class=\"elementor-element elementor-element-47288e44 e-con-full e-flex e-con e-child\" data-id=\"47288e44\" data-element_type=\"container\" data-e-type=\"container\">\n\t\t\t\t<div class=\"elementor-element elementor-element-6de8d97c elementor-widget elementor-widget-google_maps\" data-id=\"6de8d97c\" data-element_type=\"widget\" data-e-type=\"widget\" data-widget_type=\"google_maps.default\">\n\t\t\t\t<div class=\"elementor-widget-container\">\n\t\t\t\t\t\t\t<div class=\"elementor-custom-embed\">\n\t\t\t<iframe loading=\"lazy\"\n\t\t\t\t\tsrc=\"https:\/\/maps.google.com\/maps?q=Medigura%20GmbH&#038;t=m&#038;z=10&#038;output=embed&#038;iwloc=near\"\n\t\t\t\t\ttitle=\"Medigura GmbH\"\n\t\t\t\t\taria-label=\"Medigura GmbH\"\n\t\t\t><\/iframe>\n\t\t<\/div>\n\t\t\t\t\t\t<\/div>\n\t\t\t\t<\/div>\n\t\t\t\t<\/div>\n\t\t\t\t\t<\/div>\n\t\t\t\t<\/div>\n\t\t\t\t<\/div>\n\t\t","protected":false},"excerpt":{"rendered":"<p>Sobre n\u00f3s Quem somos A Medigura \u00e9 um grupo globalmente ativo de fabricantes de v\u00e1rios produtos de tecnologia m\u00e9dica, EPI e tecnologia laboratorial, bem como de mat\u00e9rias-primas farmac\u00eauticas. Gra\u00e7as ao nosso amplo posicionamento global, a Medigura est\u00e1 sempre em condi\u00e7\u00f5es de satisfazer at\u00e9 as necessidades mais individuais dos clientes. A Medigura tem acesso a um [&hellip;]<\/p>\n","protected":false},"author":1,"featured_media":0,"parent":0,"menu_order":0,"comment_status":"closed","ping_status":"closed","template":"elementor_header_footer","meta":{"footnotes":""},"class_list":["post-680","page","type-page","status-publish","hentry","entry"],"_links":{"self":[{"href":"https:\/\/medigura.com\/pt-pt\/wp-json\/wp\/v2\/pages\/680","targetHints":{"allow":["GET"]}}],"collection":[{"href":"https:\/\/medigura.com\/pt-pt\/wp-json\/wp\/v2\/pages"}],"about":[{"href":"https:\/\/medigura.com\/pt-pt\/wp-json\/wp\/v2\/types\/page"}],"author":[{"embeddable":true,"href":"https:\/\/medigura.com\/pt-pt\/wp-json\/wp\/v2\/users\/1"}],"replies":[{"embeddable":true,"href":"https:\/\/medigura.com\/pt-pt\/wp-json\/wp\/v2\/comments?post=680"}],"version-history":[{"count":2,"href":"https:\/\/medigura.com\/pt-pt\/wp-json\/wp\/v2\/pages\/680\/revisions"}],"predecessor-version":[{"id":684,"href":"https:\/\/medigura.com\/pt-pt\/wp-json\/wp\/v2\/pages\/680\/revisions\/684"}],"wp:attachment":[{"href":"https:\/\/medigura.com\/pt-pt\/wp-json\/wp\/v2\/media?parent=680"}],"curies":[{"name":"wp","href":"https:\/\/api.w.org\/{rel}","templated":true}]}}