{"id":685,"date":"2023-10-30T09:28:46","date_gmt":"2023-10-30T09:28:46","guid":{"rendered":"https:\/\/medigura.com\/a-propos-de-nous\/"},"modified":"2023-12-02T10:15:08","modified_gmt":"2023-12-02T10:15:08","slug":"a-propos-de-nous","status":"publish","type":"page","link":"https:\/\/medigura.com\/fr\/a-propos-de-nous\/","title":{"rendered":"\u00c0 propos de nous"},"content":{"rendered":"\t\t<div data-elementor-type=\"wp-page\" data-elementor-id=\"685\" class=\"elementor elementor-685 elementor-16\">\n\t\t\t\t\t\t<section class=\"elementor-section elementor-top-section elementor-element elementor-element-6f8253b2 elementor-section-full_width elementor-section-height-min-height elementor-section-height-default elementor-section-items-middle\" data-id=\"6f8253b2\" data-element_type=\"section\" data-e-type=\"section\" data-settings=\"{&quot;background_background&quot;:&quot;classic&quot;}\">\n\t\t\t\t\t\t\t<div class=\"elementor-background-overlay\"><\/div>\n\t\t\t\t\t\t\t<div class=\"elementor-container elementor-column-gap-default\">\n\t\t\t\t\t<div class=\"elementor-column elementor-col-100 elementor-top-column elementor-element elementor-element-12f040a3\" data-id=\"12f040a3\" data-element_type=\"column\" data-e-type=\"column\">\n\t\t\t<div class=\"elementor-widget-wrap elementor-element-populated\">\n\t\t\t\t\t\t<div class=\"elementor-element elementor-element-5df68492 elementor-invisible elementor-widget elementor-widget-heading\" data-id=\"5df68492\" data-element_type=\"widget\" data-e-type=\"widget\" data-settings=\"{&quot;_animation&quot;:&quot;fadeInRight&quot;}\" data-widget_type=\"heading.default\">\n\t\t\t\t<div class=\"elementor-widget-container\">\n\t\t\t\t\t<h1 class=\"elementor-heading-title elementor-size-default\">\u00c0 propos de nous<\/h1>\t\t\t\t<\/div>\n\t\t\t\t<\/div>\n\t\t\t\t\t<\/div>\n\t\t<\/div>\n\t\t\t\t\t<\/div>\n\t\t<\/section>\n\t\t\t\t<section class=\"elementor-section elementor-inner-section elementor-element elementor-element-7d048476 elementor-section-boxed elementor-section-height-default elementor-section-height-default\" data-id=\"7d048476\" data-element_type=\"section\" data-e-type=\"section\">\n\t\t\t\t\t\t<div class=\"elementor-container elementor-column-gap-default\">\n\t\t\t\t\t<div class=\"elementor-column elementor-col-50 elementor-inner-column elementor-element elementor-element-313e7aa8 elementor-invisible\" data-id=\"313e7aa8\" data-element_type=\"column\" data-e-type=\"column\" data-settings=\"{&quot;animation&quot;:&quot;fadeInLeft&quot;}\">\n\t\t\t<div class=\"elementor-widget-wrap elementor-element-populated\">\n\t\t\t\t\t\t<div class=\"elementor-element elementor-element-5a7cbff4 elementor-widget elementor-widget-image\" data-id=\"5a7cbff4\" data-element_type=\"widget\" data-e-type=\"widget\" data-widget_type=\"image.default\">\n\t\t\t\t<div class=\"elementor-widget-container\">\n\t\t\t\t\t\t\t\t\t\t\t\t\t\t\t<img fetchpriority=\"high\" decoding=\"async\" width=\"1280\" height=\"853\" src=\"https:\/\/medigura.com\/wp-content\/uploads\/2023\/11\/laboratory-563423_1280.jpg\" class=\"elementor-animation-float attachment-full size-full wp-image-658\" alt=\"\" srcset=\"https:\/\/medigura.com\/wp-content\/uploads\/2023\/11\/laboratory-563423_1280.jpg 1280w, https:\/\/medigura.com\/wp-content\/uploads\/2023\/11\/laboratory-563423_1280-300x200.jpg 300w, https:\/\/medigura.com\/wp-content\/uploads\/2023\/11\/laboratory-563423_1280-1024x682.jpg 1024w, https:\/\/medigura.com\/wp-content\/uploads\/2023\/11\/laboratory-563423_1280-768x512.jpg 768w\" sizes=\"(max-width: 1280px) 100vw, 1280px\" \/>\t\t\t\t\t\t\t\t\t\t\t\t\t\t\t<\/div>\n\t\t\t\t<\/div>\n\t\t\t\t\t<\/div>\n\t\t<\/div>\n\t\t\t\t<div class=\"elementor-column elementor-col-50 elementor-inner-column elementor-element elementor-element-ebf96a9 elementor-invisible\" data-id=\"ebf96a9\" data-element_type=\"column\" data-e-type=\"column\" data-settings=\"{&quot;background_background&quot;:&quot;classic&quot;,&quot;animation&quot;:&quot;fadeInRight&quot;}\">\n\t\t\t<div class=\"elementor-widget-wrap elementor-element-populated\">\n\t\t\t\t\t\t<div class=\"elementor-element elementor-element-7e38d1d9 elementor-widget elementor-widget-heading\" data-id=\"7e38d1d9\" data-element_type=\"widget\" data-e-type=\"widget\" data-widget_type=\"heading.default\">\n\t\t\t\t<div class=\"elementor-widget-container\">\n\t\t\t\t\t<h2 class=\"elementor-heading-title elementor-size-default\">Qui sommes-nous ?<\/h2>\t\t\t\t<\/div>\n\t\t\t\t<\/div>\n\t\t\t\t<div class=\"elementor-element elementor-element-55f9dc2f elementor-widget elementor-widget-text-editor\" data-id=\"55f9dc2f\" data-element_type=\"widget\" data-e-type=\"widget\" data-widget_type=\"text-editor.default\">\n\t\t\t\t<div class=\"elementor-widget-container\">\n\t\t\t\t\t\t\t\t\t<p>Medigura est un groupe mondial de fabricants de divers produits de technique m\u00e9dicale, d&rsquo;EPI et de technique de laboratoire, ainsi que de mati\u00e8res premi\u00e8res pharmaceutiques.<\/p>\n<p>Gr\u00e2ce \u00e0 notre large implantation mondiale, Medigura est en mesure de r\u00e9pondre \u00e0 tout moment aux souhaits les plus individuels de nos clients.<\/p>\n<p>Pour ce faire, Medigura a recours \u00e0 un syst\u00e8me de transport et de logistique tr\u00e8s dense et interconnect\u00e9 au niveau mondial, ce qui lui permet de garantir des livraisons en temps voulu.<\/p>\n<p>Medigura a pour ambition de proposer des produits \u00e0 la pointe du d\u00e9veloppement m\u00e9dical. Pour ce faire, Medigura emprunte \u00e9galement des voies originales dans la conception et le d\u00e9veloppement de nouveaux produits innovants.<\/p>\n<p>Medigura travaille en \u00e9troite collaboration avec ses clients et leur offre un conseil global, que ce soit en mati\u00e8re de sourcing, de d\u00e9veloppement de produits ou de fabrication \u00e0 fa\u00e7on.<\/p>\n\t\t\t\t\t\t\t\t<\/div>\n\t\t\t\t<\/div>\n\t\t\t\t\t<\/div>\n\t\t<\/div>\n\t\t\t\t\t<\/div>\n\t\t<\/section>\n\t\t\t\t<section class=\"elementor-section elementor-inner-section elementor-element elementor-element-77df4427 elementor-section-boxed elementor-section-height-default elementor-section-height-default\" data-id=\"77df4427\" data-element_type=\"section\" data-e-type=\"section\">\n\t\t\t\t\t\t<div class=\"elementor-container elementor-column-gap-default\">\n\t\t\t\t\t<div class=\"elementor-column elementor-col-50 elementor-inner-column elementor-element elementor-element-2900033d elementor-invisible\" data-id=\"2900033d\" data-element_type=\"column\" data-e-type=\"column\" data-settings=\"{&quot;animation&quot;:&quot;fadeInLeft&quot;}\">\n\t\t\t<div class=\"elementor-widget-wrap elementor-element-populated\">\n\t\t\t\t\t\t<div class=\"elementor-element elementor-element-10b5b3c1 elementor-widget elementor-widget-image\" data-id=\"10b5b3c1\" data-element_type=\"widget\" data-e-type=\"widget\" data-widget_type=\"image.default\">\n\t\t\t\t<div class=\"elementor-widget-container\">\n\t\t\t\t\t\t\t\t\t\t\t\t\t\t\t<img decoding=\"async\" width=\"1280\" height=\"854\" src=\"https:\/\/medigura.com\/wp-content\/uploads\/2023\/11\/treatment-4099432_1280.jpg\" class=\"elementor-animation-float attachment-full size-full wp-image-654\" alt=\"\" srcset=\"https:\/\/medigura.com\/wp-content\/uploads\/2023\/11\/treatment-4099432_1280.jpg 1280w, https:\/\/medigura.com\/wp-content\/uploads\/2023\/11\/treatment-4099432_1280-300x200.jpg 300w, https:\/\/medigura.com\/wp-content\/uploads\/2023\/11\/treatment-4099432_1280-1024x683.jpg 1024w, https:\/\/medigura.com\/wp-content\/uploads\/2023\/11\/treatment-4099432_1280-768x512.jpg 768w\" sizes=\"(max-width: 1280px) 100vw, 1280px\" \/>\t\t\t\t\t\t\t\t\t\t\t\t\t\t\t<\/div>\n\t\t\t\t<\/div>\n\t\t\t\t\t<\/div>\n\t\t<\/div>\n\t\t\t\t<div class=\"elementor-column elementor-col-50 elementor-inner-column elementor-element elementor-element-42780fc9 elementor-invisible\" data-id=\"42780fc9\" data-element_type=\"column\" data-e-type=\"column\" data-settings=\"{&quot;background_background&quot;:&quot;classic&quot;,&quot;animation&quot;:&quot;fadeInRight&quot;}\">\n\t\t\t<div class=\"elementor-widget-wrap elementor-element-populated\">\n\t\t\t\t\t\t<div class=\"elementor-element elementor-element-71b4d76d elementor-widget elementor-widget-heading\" data-id=\"71b4d76d\" data-element_type=\"widget\" data-e-type=\"widget\" data-widget_type=\"heading.default\">\n\t\t\t\t<div class=\"elementor-widget-container\">\n\t\t\t\t\t<h2 class=\"elementor-heading-title elementor-size-default\">Ce que nous repr\u00e9sentons<\/h2>\t\t\t\t<\/div>\n\t\t\t\t<\/div>\n\t\t\t\t<div class=\"elementor-element elementor-element-2c170fe1 elementor-widget elementor-widget-text-editor\" data-id=\"2c170fe1\" data-element_type=\"widget\" data-e-type=\"widget\" data-widget_type=\"text-editor.default\">\n\t\t\t\t<div class=\"elementor-widget-container\">\n\t\t\t\t\t\t\t\t\t<p>Medigura est synonyme de qualit\u00e9 sup\u00e9rieure, gr\u00e2ce \u00e0 son syst\u00e8me de gestion de la qualit\u00e9 complet et \u00e9prouv\u00e9.<\/p>\n<p>La constitution de r\u00e9f\u00e9rences prestigieuses depuis de nombreuses ann\u00e9es fait de Medigura un expert reconnu et fiable dans le domaine de la technique m\u00e9dicale aupr\u00e8s de ses clients et partenaires.<\/p>\n<p>Medigura est le partenaire \u00e0 vos c\u00f4t\u00e9s pour couvrir vos besoins en produits m\u00e9dicaux \u00e0 grande \u00e9chelle et de mani\u00e8re fiable.<\/p>\n<p>Medigura permet de r\u00e9pondre rapidement aux demandes des clients, m\u00eame les plus sp\u00e9cifiques, ind\u00e9pendamment des quantit\u00e9s et des produits.<\/p>\n\t\t\t\t\t\t\t\t<\/div>\n\t\t\t\t<\/div>\n\t\t\t\t\t<\/div>\n\t\t<\/div>\n\t\t\t\t\t<\/div>\n\t\t<\/section>\n\t\t\t\t<section class=\"elementor-section elementor-inner-section elementor-element elementor-element-5f7939e2 elementor-section-boxed elementor-section-height-default elementor-section-height-default\" data-id=\"5f7939e2\" data-element_type=\"section\" data-e-type=\"section\">\n\t\t\t\t\t\t<div class=\"elementor-container elementor-column-gap-default\">\n\t\t\t\t\t<div class=\"elementor-column elementor-col-50 elementor-inner-column elementor-element elementor-element-bbb2ee0 elementor-invisible\" data-id=\"bbb2ee0\" data-element_type=\"column\" data-e-type=\"column\" data-settings=\"{&quot;animation&quot;:&quot;fadeInLeft&quot;}\">\n\t\t\t<div class=\"elementor-widget-wrap elementor-element-populated\">\n\t\t\t\t\t\t<div class=\"elementor-element elementor-element-e56afc elementor-widget elementor-widget-image\" data-id=\"e56afc\" data-element_type=\"widget\" data-e-type=\"widget\" data-widget_type=\"image.default\">\n\t\t\t\t<div class=\"elementor-widget-container\">\n\t\t\t\t\t\t\t\t\t\t\t\t\t\t\t<img decoding=\"async\" width=\"1280\" height=\"853\" src=\"https:\/\/medigura.com\/wp-content\/uploads\/2023\/11\/covid-19-5169689_1280.jpg\" class=\"elementor-animation-float attachment-full size-full wp-image-662\" alt=\"\" srcset=\"https:\/\/medigura.com\/wp-content\/uploads\/2023\/11\/covid-19-5169689_1280.jpg 1280w, https:\/\/medigura.com\/wp-content\/uploads\/2023\/11\/covid-19-5169689_1280-300x200.jpg 300w, https:\/\/medigura.com\/wp-content\/uploads\/2023\/11\/covid-19-5169689_1280-1024x682.jpg 1024w, https:\/\/medigura.com\/wp-content\/uploads\/2023\/11\/covid-19-5169689_1280-768x512.jpg 768w\" sizes=\"(max-width: 1280px) 100vw, 1280px\" \/>\t\t\t\t\t\t\t\t\t\t\t\t\t\t\t<\/div>\n\t\t\t\t<\/div>\n\t\t\t\t\t<\/div>\n\t\t<\/div>\n\t\t\t\t<div class=\"elementor-column elementor-col-50 elementor-inner-column elementor-element elementor-element-6afb8778 elementor-invisible\" data-id=\"6afb8778\" data-element_type=\"column\" data-e-type=\"column\" data-settings=\"{&quot;background_background&quot;:&quot;classic&quot;,&quot;animation&quot;:&quot;fadeInRight&quot;}\">\n\t\t\t<div class=\"elementor-widget-wrap elementor-element-populated\">\n\t\t\t\t\t\t<div class=\"elementor-element elementor-element-265d1059 elementor-widget elementor-widget-heading\" data-id=\"265d1059\" data-element_type=\"widget\" data-e-type=\"widget\" data-widget_type=\"heading.default\">\n\t\t\t\t<div class=\"elementor-widget-container\">\n\t\t\t\t\t<h2 class=\"elementor-heading-title elementor-size-default\">Quels sont nos objectifs ?<\/h2>\t\t\t\t<\/div>\n\t\t\t\t<\/div>\n\t\t\t\t<div class=\"elementor-element elementor-element-680bf89e elementor-widget elementor-widget-text-editor\" data-id=\"680bf89e\" data-element_type=\"widget\" data-e-type=\"widget\" data-widget_type=\"text-editor.default\">\n\t\t\t\t<div class=\"elementor-widget-container\">\n\t\t\t\t\t\t\t\t\t<p>Chez Medigura, le client est la priorit\u00e9. Notre vision est qu&rsquo;avec nous \u00e0 leurs c\u00f4t\u00e9s, nos clients peuvent se concentrer de mani\u00e8re optimale sur leurs points forts, leurs d\u00e9fis quotidiens et leurs possibilit\u00e9s de d\u00e9veloppement. Nous souhaitons aider nos clients \u00e0 se d\u00e9velopper de la meilleure fa\u00e7on possible et favoriser ensemble leur croissance. Chez Medigura, nous rendons cela possible en garantissant \u00e0 nos clients un approvisionnement permanent en marchandises.<\/p>\n<p>Nous sommes convaincus que nos clients sont aussi individuels que nos solutions. C&rsquo;est pourquoi nous misons sur un concept sur mesure, du d\u00e9veloppement de produits \u00e0 la logistique en passant par la production. Chez Medigura, l&rsquo;optimisation du temps et de l&rsquo;efficacit\u00e9 des co\u00fbts de nos clients et partenaires est \u00e0 la fois une ambition et un objectif.<\/p>\t\t\t\t\t\t\t\t<\/div>\n\t\t\t\t<\/div>\n\t\t\t\t\t<\/div>\n\t\t<\/div>\n\t\t\t\t\t<\/div>\n\t\t<\/section>\n\t\t\t\t<section class=\"elementor-section elementor-inner-section elementor-element elementor-element-022c34a elementor-section-boxed elementor-section-height-default elementor-section-height-default\" data-id=\"022c34a\" data-element_type=\"section\" data-e-type=\"section\">\n\t\t\t\t\t\t<div class=\"elementor-container elementor-column-gap-default\">\n\t\t\t\t\t<div class=\"elementor-column elementor-col-50 elementor-inner-column elementor-element elementor-element-0243f62 elementor-invisible\" data-id=\"0243f62\" data-element_type=\"column\" data-e-type=\"column\" data-settings=\"{&quot;animation&quot;:&quot;fadeInLeft&quot;}\">\n\t\t\t<div class=\"elementor-widget-wrap elementor-element-populated\">\n\t\t\t\t\t\t<div class=\"elementor-element elementor-element-ab3e410 elementor-widget elementor-widget-image\" data-id=\"ab3e410\" data-element_type=\"widget\" data-e-type=\"widget\" data-widget_type=\"image.default\">\n\t\t\t\t<div class=\"elementor-widget-container\">\n\t\t\t\t\t\t\t\t\t\t\t\t\t\t\t<img loading=\"lazy\" decoding=\"async\" width=\"1280\" height=\"852\" src=\"https:\/\/medigura.com\/wp-content\/uploads\/2023\/11\/protective-suit-5716753_1280.jpg\" class=\"elementor-animation-float attachment-full size-full wp-image-666\" alt=\"\" srcset=\"https:\/\/medigura.com\/wp-content\/uploads\/2023\/11\/protective-suit-5716753_1280.jpg 1280w, https:\/\/medigura.com\/wp-content\/uploads\/2023\/11\/protective-suit-5716753_1280-300x200.jpg 300w, https:\/\/medigura.com\/wp-content\/uploads\/2023\/11\/protective-suit-5716753_1280-1024x682.jpg 1024w, https:\/\/medigura.com\/wp-content\/uploads\/2023\/11\/protective-suit-5716753_1280-768x511.jpg 768w\" sizes=\"(max-width: 1280px) 100vw, 1280px\" \/>\t\t\t\t\t\t\t\t\t\t\t\t\t\t\t<\/div>\n\t\t\t\t<\/div>\n\t\t\t\t\t<\/div>\n\t\t<\/div>\n\t\t\t\t<div class=\"elementor-column elementor-col-50 elementor-inner-column elementor-element elementor-element-993ff2a elementor-invisible\" data-id=\"993ff2a\" data-element_type=\"column\" data-e-type=\"column\" data-settings=\"{&quot;background_background&quot;:&quot;classic&quot;,&quot;animation&quot;:&quot;fadeInRight&quot;}\">\n\t\t\t<div class=\"elementor-widget-wrap elementor-element-populated\">\n\t\t\t\t\t\t<div class=\"elementor-element elementor-element-700f704 elementor-widget elementor-widget-heading\" data-id=\"700f704\" data-element_type=\"widget\" data-e-type=\"widget\" data-widget_type=\"heading.default\">\n\t\t\t\t<div class=\"elementor-widget-container\">\n\t\t\t\t\t<h2 class=\"elementor-heading-title elementor-size-default\">Quelles sont nos valeurs ?<\/h2>\t\t\t\t<\/div>\n\t\t\t\t<\/div>\n\t\t\t\t<div class=\"elementor-element elementor-element-66e1efa elementor-widget elementor-widget-text-editor\" data-id=\"66e1efa\" data-element_type=\"widget\" data-e-type=\"widget\" data-widget_type=\"text-editor.default\">\n\t\t\t\t<div class=\"elementor-widget-container\">\n\t\t\t\t\t\t\t\t\t<p>Medigura se distingue non seulement par la qualit\u00e9 sup\u00e9rieure de ses produits, mais aussi par une production durable et respectueuse des ressources, avec des trajets de transport aussi courts que possible et respectueux de l&rsquo;environnement. Sur cette base, chez Medigura, nous nous sentons oblig\u00e9s de toujours agir de mani\u00e8re responsable, en respectant l&rsquo;environnement et en \u00e9tant tourn\u00e9s vers l&rsquo;avenir.<\/p>\n\t\t\t\t\t\t\t\t<\/div>\n\t\t\t\t<\/div>\n\t\t\t\t\t<\/div>\n\t\t<\/div>\n\t\t\t\t\t<\/div>\n\t\t<\/section>\n\t\t\t\t<section class=\"elementor-section elementor-top-section elementor-element elementor-element-78ba5327 elementor-section-boxed elementor-section-height-default elementor-section-height-default\" data-id=\"78ba5327\" data-element_type=\"section\" data-e-type=\"section\" data-settings=\"{&quot;background_background&quot;:&quot;classic&quot;}\">\n\t\t\t\t\t\t\t<div class=\"elementor-background-overlay\"><\/div>\n\t\t\t\t\t\t\t<div class=\"elementor-container elementor-column-gap-default\">\n\t\t\t\t\t<div class=\"elementor-column elementor-col-100 elementor-top-column elementor-element elementor-element-184535fe\" data-id=\"184535fe\" data-element_type=\"column\" data-e-type=\"column\">\n\t\t\t<div class=\"elementor-widget-wrap elementor-element-populated\">\n\t\t\t\t\t\t<section class=\"elementor-section elementor-inner-section elementor-element elementor-element-5e3a1953 elementor-section-boxed elementor-section-height-default elementor-section-height-default\" data-id=\"5e3a1953\" data-element_type=\"section\" data-e-type=\"section\">\n\t\t\t\t\t\t<div class=\"elementor-container elementor-column-gap-default\">\n\t\t\t\t\t<div class=\"elementor-column elementor-col-100 elementor-inner-column elementor-element elementor-element-1260aed0\" data-id=\"1260aed0\" data-element_type=\"column\" data-e-type=\"column\" data-settings=\"{&quot;background_background&quot;:&quot;classic&quot;}\">\n\t\t\t<div class=\"elementor-widget-wrap elementor-element-populated\">\n\t\t\t\t\t\t<div class=\"elementor-element elementor-element-12f1e94f elementor-widget elementor-widget-heading\" data-id=\"12f1e94f\" data-element_type=\"widget\" data-e-type=\"widget\" data-widget_type=\"heading.default\">\n\t\t\t\t<div class=\"elementor-widget-container\">\n\t\t\t\t\t<span class=\"elementor-heading-title elementor-size-default\">Rendre le monde un peu plus s\u00fbr...<\/span>\t\t\t\t<\/div>\n\t\t\t\t<\/div>\n\t\t\t\t<div class=\"elementor-element elementor-element-8af1078 elementor-widget elementor-widget-text-editor\" data-id=\"8af1078\" data-element_type=\"widget\" data-e-type=\"widget\" data-widget_type=\"text-editor.default\">\n\t\t\t\t<div class=\"elementor-widget-container\">\n\t\t\t\t\t\t\t\t\t<p>Vous avez des questions ou vous cherchez un produit adapt\u00e9 \u00e0 vos besoins ?!<br \/>Nous sommes \u00e0 votre disposition pour vous conseiller et vous aider.<\/p>\n\t\t\t\t\t\t\t\t<\/div>\n\t\t\t\t<\/div>\n\t\t\t\t\t<\/div>\n\t\t<\/div>\n\t\t\t\t\t<\/div>\n\t\t<\/section>\n\t\t\t\t\t<\/div>\n\t\t<\/div>\n\t\t\t\t\t<\/div>\n\t\t<\/section>\n\t\t<div class=\"elementor-element elementor-element-2a46967b e-flex e-con-boxed e-con e-parent\" data-id=\"2a46967b\" data-element_type=\"container\" data-e-type=\"container\" data-settings=\"{&quot;background_background&quot;:&quot;classic&quot;}\">\n\t\t\t\t\t<div class=\"e-con-inner\">\n\t\t<div class=\"elementor-element elementor-element-6bdfc65e e-con-full e-flex e-con e-child\" data-id=\"6bdfc65e\" data-element_type=\"container\" data-e-type=\"container\">\n\t\t\t\t<div class=\"elementor-element elementor-element-2b288aa2 elementor-widget elementor-widget-text-editor\" data-id=\"2b288aa2\" data-element_type=\"widget\" data-e-type=\"widget\" data-widget_type=\"text-editor.default\">\n\t\t\t\t<div class=\"elementor-widget-container\">\n\t\t\t\t\t\t\t\t\t<p>Medigura GmbH<br \/>Sentier des hommes sud 9<br \/>41334 Nettetal<br \/>T\u00e9l : +49 (0) 2157 143 81 70<br \/>T\u00e9l\u00e9copieur : +49 (0) 2157 126 14 82<br \/>info@medigura.com<\/p>\n\t\t\t\t\t\t\t\t<\/div>\n\t\t\t\t<\/div>\n\t\t\t\t<\/div>\n\t\t<div class=\"elementor-element elementor-element-47288e44 e-con-full e-flex e-con e-child\" data-id=\"47288e44\" data-element_type=\"container\" data-e-type=\"container\">\n\t\t\t\t<div class=\"elementor-element elementor-element-6de8d97c elementor-widget elementor-widget-google_maps\" data-id=\"6de8d97c\" data-element_type=\"widget\" data-e-type=\"widget\" data-widget_type=\"google_maps.default\">\n\t\t\t\t<div class=\"elementor-widget-container\">\n\t\t\t\t\t\t\t<div class=\"elementor-custom-embed\">\n\t\t\t<iframe loading=\"lazy\"\n\t\t\t\t\tsrc=\"https:\/\/maps.google.com\/maps?q=Medigura%20GmbH&#038;t=m&#038;z=10&#038;output=embed&#038;iwloc=near\"\n\t\t\t\t\ttitle=\"Medigura GmbH\"\n\t\t\t\t\taria-label=\"Medigura GmbH\"\n\t\t\t><\/iframe>\n\t\t<\/div>\n\t\t\t\t\t\t<\/div>\n\t\t\t\t<\/div>\n\t\t\t\t<\/div>\n\t\t\t\t\t<\/div>\n\t\t\t\t<\/div>\n\t\t\t\t<\/div>\n\t\t","protected":false},"excerpt":{"rendered":"<p>\u00c0 propos de nous Qui sommes-nous ? Medigura est un groupe mondial de fabricants de divers produits de technique m\u00e9dicale, d&rsquo;EPI et de technique de laboratoire, ainsi que de mati\u00e8res premi\u00e8res pharmaceutiques. Gr\u00e2ce \u00e0 notre large implantation mondiale, Medigura est en mesure de r\u00e9pondre \u00e0 tout moment aux souhaits les plus individuels de nos clients. [&hellip;]<\/p>\n","protected":false},"author":1,"featured_media":0,"parent":0,"menu_order":0,"comment_status":"closed","ping_status":"closed","template":"elementor_header_footer","meta":{"footnotes":""},"class_list":["post-685","page","type-page","status-publish","hentry","entry"],"_links":{"self":[{"href":"https:\/\/medigura.com\/fr\/wp-json\/wp\/v2\/pages\/685","targetHints":{"allow":["GET"]}}],"collection":[{"href":"https:\/\/medigura.com\/fr\/wp-json\/wp\/v2\/pages"}],"about":[{"href":"https:\/\/medigura.com\/fr\/wp-json\/wp\/v2\/types\/page"}],"author":[{"embeddable":true,"href":"https:\/\/medigura.com\/fr\/wp-json\/wp\/v2\/users\/1"}],"replies":[{"embeddable":true,"href":"https:\/\/medigura.com\/fr\/wp-json\/wp\/v2\/comments?post=685"}],"version-history":[{"count":2,"href":"https:\/\/medigura.com\/fr\/wp-json\/wp\/v2\/pages\/685\/revisions"}],"predecessor-version":[{"id":687,"href":"https:\/\/medigura.com\/fr\/wp-json\/wp\/v2\/pages\/685\/revisions\/687"}],"wp:attachment":[{"href":"https:\/\/medigura.com\/fr\/wp-json\/wp\/v2\/media?parent=685"}],"curies":[{"name":"wp","href":"https:\/\/api.w.org\/{rel}","templated":true}]}}