{"id":679,"date":"2023-10-30T09:28:46","date_gmt":"2023-10-30T09:28:46","guid":{"rendered":"https:\/\/medigura.com\/quienes-somos\/"},"modified":"2023-12-02T10:15:07","modified_gmt":"2023-12-02T10:15:07","slug":"quienes-somos","status":"publish","type":"page","link":"https:\/\/medigura.com\/es\/quienes-somos\/","title":{"rendered":"Qui\u00e9nes somos"},"content":{"rendered":"\t\t<div data-elementor-type=\"wp-page\" data-elementor-id=\"679\" class=\"elementor elementor-679 elementor-16\">\n\t\t\t\t\t\t<section class=\"elementor-section elementor-top-section elementor-element elementor-element-6f8253b2 elementor-section-full_width elementor-section-height-min-height elementor-section-height-default elementor-section-items-middle\" data-id=\"6f8253b2\" data-element_type=\"section\" data-e-type=\"section\" data-settings=\"{&quot;background_background&quot;:&quot;classic&quot;}\">\n\t\t\t\t\t\t\t<div class=\"elementor-background-overlay\"><\/div>\n\t\t\t\t\t\t\t<div class=\"elementor-container elementor-column-gap-default\">\n\t\t\t\t\t<div class=\"elementor-column elementor-col-100 elementor-top-column elementor-element elementor-element-12f040a3\" data-id=\"12f040a3\" data-element_type=\"column\" data-e-type=\"column\">\n\t\t\t<div class=\"elementor-widget-wrap elementor-element-populated\">\n\t\t\t\t\t\t<div class=\"elementor-element elementor-element-5df68492 elementor-invisible elementor-widget elementor-widget-heading\" data-id=\"5df68492\" data-element_type=\"widget\" data-e-type=\"widget\" data-settings=\"{&quot;_animation&quot;:&quot;fadeInRight&quot;}\" data-widget_type=\"heading.default\">\n\t\t\t\t<div class=\"elementor-widget-container\">\n\t\t\t\t\t<h1 class=\"elementor-heading-title elementor-size-default\">Qui\u00e9nes somos<\/h1>\t\t\t\t<\/div>\n\t\t\t\t<\/div>\n\t\t\t\t\t<\/div>\n\t\t<\/div>\n\t\t\t\t\t<\/div>\n\t\t<\/section>\n\t\t\t\t<section class=\"elementor-section elementor-inner-section elementor-element elementor-element-7d048476 elementor-section-boxed elementor-section-height-default elementor-section-height-default\" data-id=\"7d048476\" data-element_type=\"section\" data-e-type=\"section\">\n\t\t\t\t\t\t<div class=\"elementor-container elementor-column-gap-default\">\n\t\t\t\t\t<div class=\"elementor-column elementor-col-50 elementor-inner-column elementor-element elementor-element-313e7aa8 elementor-invisible\" data-id=\"313e7aa8\" data-element_type=\"column\" data-e-type=\"column\" data-settings=\"{&quot;animation&quot;:&quot;fadeInLeft&quot;}\">\n\t\t\t<div class=\"elementor-widget-wrap elementor-element-populated\">\n\t\t\t\t\t\t<div class=\"elementor-element elementor-element-5a7cbff4 elementor-widget elementor-widget-image\" data-id=\"5a7cbff4\" data-element_type=\"widget\" data-e-type=\"widget\" data-widget_type=\"image.default\">\n\t\t\t\t<div class=\"elementor-widget-container\">\n\t\t\t\t\t\t\t\t\t\t\t\t\t\t\t<img fetchpriority=\"high\" decoding=\"async\" width=\"1280\" height=\"853\" src=\"https:\/\/medigura.com\/wp-content\/uploads\/2023\/11\/laboratory-563423_1280.jpg\" class=\"elementor-animation-float attachment-full size-full wp-image-660\" alt=\"\" srcset=\"https:\/\/medigura.com\/wp-content\/uploads\/2023\/11\/laboratory-563423_1280.jpg 1280w, https:\/\/medigura.com\/wp-content\/uploads\/2023\/11\/laboratory-563423_1280-300x200.jpg 300w, https:\/\/medigura.com\/wp-content\/uploads\/2023\/11\/laboratory-563423_1280-1024x682.jpg 1024w, https:\/\/medigura.com\/wp-content\/uploads\/2023\/11\/laboratory-563423_1280-768x512.jpg 768w\" sizes=\"(max-width: 1280px) 100vw, 1280px\" \/>\t\t\t\t\t\t\t\t\t\t\t\t\t\t\t<\/div>\n\t\t\t\t<\/div>\n\t\t\t\t\t<\/div>\n\t\t<\/div>\n\t\t\t\t<div class=\"elementor-column elementor-col-50 elementor-inner-column elementor-element elementor-element-ebf96a9 elementor-invisible\" data-id=\"ebf96a9\" data-element_type=\"column\" data-e-type=\"column\" data-settings=\"{&quot;background_background&quot;:&quot;classic&quot;,&quot;animation&quot;:&quot;fadeInRight&quot;}\">\n\t\t\t<div class=\"elementor-widget-wrap elementor-element-populated\">\n\t\t\t\t\t\t<div class=\"elementor-element elementor-element-7e38d1d9 elementor-widget elementor-widget-heading\" data-id=\"7e38d1d9\" data-element_type=\"widget\" data-e-type=\"widget\" data-widget_type=\"heading.default\">\n\t\t\t\t<div class=\"elementor-widget-container\">\n\t\t\t\t\t<h2 class=\"elementor-heading-title elementor-size-default\">Qui\u00e9nes somos<\/h2>\t\t\t\t<\/div>\n\t\t\t\t<\/div>\n\t\t\t\t<div class=\"elementor-element elementor-element-55f9dc2f elementor-widget elementor-widget-text-editor\" data-id=\"55f9dc2f\" data-element_type=\"widget\" data-e-type=\"widget\" data-widget_type=\"text-editor.default\">\n\t\t\t\t<div class=\"elementor-widget-container\">\n\t\t\t\t\t\t\t\t\t<p>Medigura es un grupo mundial de fabricantes de diversos productos de tecnolog\u00eda m\u00e9dica, EPI y tecnolog\u00eda de laboratorio, as\u00ed como de materias primas farmac\u00e9uticas.<\/p>\n<p>Gracias a nuestro amplio posicionamiento global, Medigura est\u00e1 siempre en condiciones de satisfacer incluso los requisitos m\u00e1s individuales de los clientes.<\/p>\n<p>Medigura tiene acceso a un sistema de transporte y log\u00edstica estrechamente interconectado y conectado en red a escala mundial, por lo que las entregas a tiempo est\u00e1n siempre garantizadas.<\/p>\n<p>Medigura afirma estar a la vanguardia del desarrollo m\u00e9dico con sus productos. Medigura tambi\u00e9n sigue su propio camino en la conceptualizaci\u00f3n y el desarrollo de productos nuevos e innovadores.<\/p>\n<p>Medigura colabora estrechamente con sus clientes y les ofrece un asesoramiento integral, ya sea en materia de abastecimiento, desarrollo de productos o fabricaci\u00f3n por contrato.<\/p>\n\t\t\t\t\t\t\t\t<\/div>\n\t\t\t\t<\/div>\n\t\t\t\t\t<\/div>\n\t\t<\/div>\n\t\t\t\t\t<\/div>\n\t\t<\/section>\n\t\t\t\t<section class=\"elementor-section elementor-inner-section elementor-element elementor-element-77df4427 elementor-section-boxed elementor-section-height-default elementor-section-height-default\" data-id=\"77df4427\" data-element_type=\"section\" data-e-type=\"section\">\n\t\t\t\t\t\t<div class=\"elementor-container elementor-column-gap-default\">\n\t\t\t\t\t<div class=\"elementor-column elementor-col-50 elementor-inner-column elementor-element elementor-element-2900033d elementor-invisible\" data-id=\"2900033d\" data-element_type=\"column\" data-e-type=\"column\" data-settings=\"{&quot;animation&quot;:&quot;fadeInLeft&quot;}\">\n\t\t\t<div class=\"elementor-widget-wrap elementor-element-populated\">\n\t\t\t\t\t\t<div class=\"elementor-element elementor-element-10b5b3c1 elementor-widget elementor-widget-image\" data-id=\"10b5b3c1\" data-element_type=\"widget\" data-e-type=\"widget\" data-widget_type=\"image.default\">\n\t\t\t\t<div class=\"elementor-widget-container\">\n\t\t\t\t\t\t\t\t\t\t\t\t\t\t\t<img decoding=\"async\" width=\"1280\" height=\"854\" src=\"https:\/\/medigura.com\/wp-content\/uploads\/2023\/11\/treatment-4099432_1280.jpg\" class=\"elementor-animation-float attachment-full size-full wp-image-656\" alt=\"\" srcset=\"https:\/\/medigura.com\/wp-content\/uploads\/2023\/11\/treatment-4099432_1280.jpg 1280w, https:\/\/medigura.com\/wp-content\/uploads\/2023\/11\/treatment-4099432_1280-300x200.jpg 300w, https:\/\/medigura.com\/wp-content\/uploads\/2023\/11\/treatment-4099432_1280-1024x683.jpg 1024w, https:\/\/medigura.com\/wp-content\/uploads\/2023\/11\/treatment-4099432_1280-768x512.jpg 768w\" sizes=\"(max-width: 1280px) 100vw, 1280px\" \/>\t\t\t\t\t\t\t\t\t\t\t\t\t\t\t<\/div>\n\t\t\t\t<\/div>\n\t\t\t\t\t<\/div>\n\t\t<\/div>\n\t\t\t\t<div class=\"elementor-column elementor-col-50 elementor-inner-column elementor-element elementor-element-42780fc9 elementor-invisible\" data-id=\"42780fc9\" data-element_type=\"column\" data-e-type=\"column\" data-settings=\"{&quot;background_background&quot;:&quot;classic&quot;,&quot;animation&quot;:&quot;fadeInRight&quot;}\">\n\t\t\t<div class=\"elementor-widget-wrap elementor-element-populated\">\n\t\t\t\t\t\t<div class=\"elementor-element elementor-element-71b4d76d elementor-widget elementor-widget-heading\" data-id=\"71b4d76d\" data-element_type=\"widget\" data-e-type=\"widget\" data-widget_type=\"heading.default\">\n\t\t\t\t<div class=\"elementor-widget-container\">\n\t\t\t\t\t<h2 class=\"elementor-heading-title elementor-size-default\">Lo que defendemos<\/h2>\t\t\t\t<\/div>\n\t\t\t\t<\/div>\n\t\t\t\t<div class=\"elementor-element elementor-element-2c170fe1 elementor-widget elementor-widget-text-editor\" data-id=\"2c170fe1\" data-element_type=\"widget\" data-e-type=\"widget\" data-widget_type=\"text-editor.default\">\n\t\t\t\t<div class=\"elementor-widget-container\">\n\t\t\t\t\t\t\t\t\t<p>Medigura es sin\u00f3nimo de la m\u00e1xima calidad, gracias a su gesti\u00f3n de calidad integral y probada.<\/p>\n<p>Los muchos a\u00f1os de construcci\u00f3n de referencias de renombre hacen de Medigura un experto reconocido y fiable en el campo de la tecnolog\u00eda m\u00e9dica entre sus clientes y socios.<\/p>\n<p>Medigura es el socio a su lado para cubrir sus necesidades de productos m\u00e9dicos de forma amplia y fiable.<\/p>\n<p>Medigura permite satisfacer r\u00e1pidamente incluso las peticiones m\u00e1s especiales de los clientes, independientemente de la cantidad y el producto.<\/p>\n\t\t\t\t\t\t\t\t<\/div>\n\t\t\t\t<\/div>\n\t\t\t\t\t<\/div>\n\t\t<\/div>\n\t\t\t\t\t<\/div>\n\t\t<\/section>\n\t\t\t\t<section class=\"elementor-section elementor-inner-section elementor-element elementor-element-5f7939e2 elementor-section-boxed elementor-section-height-default elementor-section-height-default\" data-id=\"5f7939e2\" data-element_type=\"section\" data-e-type=\"section\">\n\t\t\t\t\t\t<div class=\"elementor-container elementor-column-gap-default\">\n\t\t\t\t\t<div class=\"elementor-column elementor-col-50 elementor-inner-column elementor-element elementor-element-bbb2ee0 elementor-invisible\" data-id=\"bbb2ee0\" data-element_type=\"column\" data-e-type=\"column\" data-settings=\"{&quot;animation&quot;:&quot;fadeInLeft&quot;}\">\n\t\t\t<div class=\"elementor-widget-wrap elementor-element-populated\">\n\t\t\t\t\t\t<div class=\"elementor-element elementor-element-e56afc elementor-widget elementor-widget-image\" data-id=\"e56afc\" data-element_type=\"widget\" data-e-type=\"widget\" data-widget_type=\"image.default\">\n\t\t\t\t<div class=\"elementor-widget-container\">\n\t\t\t\t\t\t\t\t\t\t\t\t\t\t\t<img decoding=\"async\" width=\"1280\" height=\"853\" src=\"https:\/\/medigura.com\/wp-content\/uploads\/2023\/11\/covid-19-5169689_1280.jpg\" class=\"elementor-animation-float attachment-full size-full wp-image-664\" alt=\"\" srcset=\"https:\/\/medigura.com\/wp-content\/uploads\/2023\/11\/covid-19-5169689_1280.jpg 1280w, https:\/\/medigura.com\/wp-content\/uploads\/2023\/11\/covid-19-5169689_1280-300x200.jpg 300w, https:\/\/medigura.com\/wp-content\/uploads\/2023\/11\/covid-19-5169689_1280-1024x682.jpg 1024w, https:\/\/medigura.com\/wp-content\/uploads\/2023\/11\/covid-19-5169689_1280-768x512.jpg 768w\" sizes=\"(max-width: 1280px) 100vw, 1280px\" \/>\t\t\t\t\t\t\t\t\t\t\t\t\t\t\t<\/div>\n\t\t\t\t<\/div>\n\t\t\t\t\t<\/div>\n\t\t<\/div>\n\t\t\t\t<div class=\"elementor-column elementor-col-50 elementor-inner-column elementor-element elementor-element-6afb8778 elementor-invisible\" data-id=\"6afb8778\" data-element_type=\"column\" data-e-type=\"column\" data-settings=\"{&quot;background_background&quot;:&quot;classic&quot;,&quot;animation&quot;:&quot;fadeInRight&quot;}\">\n\t\t\t<div class=\"elementor-widget-wrap elementor-element-populated\">\n\t\t\t\t\t\t<div class=\"elementor-element elementor-element-265d1059 elementor-widget elementor-widget-heading\" data-id=\"265d1059\" data-element_type=\"widget\" data-e-type=\"widget\" data-widget_type=\"heading.default\">\n\t\t\t\t<div class=\"elementor-widget-container\">\n\t\t\t\t\t<h2 class=\"elementor-heading-title elementor-size-default\">\u00bfCu\u00e1les son nuestros objetivos?<\/h2>\t\t\t\t<\/div>\n\t\t\t\t<\/div>\n\t\t\t\t<div class=\"elementor-element elementor-element-680bf89e elementor-widget elementor-widget-text-editor\" data-id=\"680bf89e\" data-element_type=\"widget\" data-e-type=\"widget\" data-widget_type=\"text-editor.default\">\n\t\t\t\t<div class=\"elementor-widget-container\">\n\t\t\t\t\t\t\t\t\t<p>En Medigura, el cliente es lo primero. Nuestra visi\u00f3n es que nuestros clientes puedan concentrarse en sus puntos fuertes, sus retos diarios y sus oportunidades de desarrollo con nosotros a su lado. Queremos ayudar a nuestros clientes a desarrollarse de la mejor manera posible y promover juntos su crecimiento. En Medigura, lo hacemos posible garantizando un suministro permanente de mercanc\u00edas a nuestros clientes.<\/p>\n<p>Estamos convencidos de que nuestros clientes son tan individuales como nuestras soluciones. Por eso apostamos por un concepto personalizado, desde el desarrollo del producto hasta la producci\u00f3n y la log\u00edstica. En Medigura, optimizar el tiempo y la rentabilidad de nuestros clientes y socios es tanto nuestra ambici\u00f3n como nuestro objetivo.<\/p>\t\t\t\t\t\t\t\t<\/div>\n\t\t\t\t<\/div>\n\t\t\t\t\t<\/div>\n\t\t<\/div>\n\t\t\t\t\t<\/div>\n\t\t<\/section>\n\t\t\t\t<section class=\"elementor-section elementor-inner-section elementor-element elementor-element-022c34a elementor-section-boxed elementor-section-height-default elementor-section-height-default\" data-id=\"022c34a\" data-element_type=\"section\" data-e-type=\"section\">\n\t\t\t\t\t\t<div class=\"elementor-container elementor-column-gap-default\">\n\t\t\t\t\t<div class=\"elementor-column elementor-col-50 elementor-inner-column elementor-element elementor-element-0243f62 elementor-invisible\" data-id=\"0243f62\" data-element_type=\"column\" data-e-type=\"column\" data-settings=\"{&quot;animation&quot;:&quot;fadeInLeft&quot;}\">\n\t\t\t<div class=\"elementor-widget-wrap elementor-element-populated\">\n\t\t\t\t\t\t<div class=\"elementor-element elementor-element-ab3e410 elementor-widget elementor-widget-image\" data-id=\"ab3e410\" data-element_type=\"widget\" data-e-type=\"widget\" data-widget_type=\"image.default\">\n\t\t\t\t<div class=\"elementor-widget-container\">\n\t\t\t\t\t\t\t\t\t\t\t\t\t\t\t<img loading=\"lazy\" decoding=\"async\" width=\"1280\" height=\"852\" src=\"https:\/\/medigura.com\/wp-content\/uploads\/2023\/11\/protective-suit-5716753_1280.jpg\" class=\"elementor-animation-float attachment-full size-full wp-image-668\" alt=\"\" srcset=\"https:\/\/medigura.com\/wp-content\/uploads\/2023\/11\/protective-suit-5716753_1280.jpg 1280w, https:\/\/medigura.com\/wp-content\/uploads\/2023\/11\/protective-suit-5716753_1280-300x200.jpg 300w, https:\/\/medigura.com\/wp-content\/uploads\/2023\/11\/protective-suit-5716753_1280-1024x682.jpg 1024w, https:\/\/medigura.com\/wp-content\/uploads\/2023\/11\/protective-suit-5716753_1280-768x511.jpg 768w\" sizes=\"(max-width: 1280px) 100vw, 1280px\" \/>\t\t\t\t\t\t\t\t\t\t\t\t\t\t\t<\/div>\n\t\t\t\t<\/div>\n\t\t\t\t\t<\/div>\n\t\t<\/div>\n\t\t\t\t<div class=\"elementor-column elementor-col-50 elementor-inner-column elementor-element elementor-element-993ff2a elementor-invisible\" data-id=\"993ff2a\" data-element_type=\"column\" data-e-type=\"column\" data-settings=\"{&quot;background_background&quot;:&quot;classic&quot;,&quot;animation&quot;:&quot;fadeInRight&quot;}\">\n\t\t\t<div class=\"elementor-widget-wrap elementor-element-populated\">\n\t\t\t\t\t\t<div class=\"elementor-element elementor-element-700f704 elementor-widget elementor-widget-heading\" data-id=\"700f704\" data-element_type=\"widget\" data-e-type=\"widget\" data-widget_type=\"heading.default\">\n\t\t\t\t<div class=\"elementor-widget-container\">\n\t\t\t\t\t<h2 class=\"elementor-heading-title elementor-size-default\">Cu\u00e1les son nuestros valores<\/h2>\t\t\t\t<\/div>\n\t\t\t\t<\/div>\n\t\t\t\t<div class=\"elementor-element elementor-element-66e1efa elementor-widget elementor-widget-text-editor\" data-id=\"66e1efa\" data-element_type=\"widget\" data-e-type=\"widget\" data-widget_type=\"text-editor.default\">\n\t\t\t\t<div class=\"elementor-widget-container\">\n\t\t\t\t\t\t\t\t\t<p>Medigura no s\u00f3lo se caracteriza por la m\u00e1xima calidad de sus productos, sino tambi\u00e9n por una producci\u00f3n sostenible y respetuosa con los recursos, con rutas de transporte lo m\u00e1s cortas posible y respetuosas con el medio ambiente. Sobre esta base, en Medigura nos sentimos obligados a actuar siempre de forma responsable, respetuosa con el medio ambiente y orientada al futuro.<\/p>\n\t\t\t\t\t\t\t\t<\/div>\n\t\t\t\t<\/div>\n\t\t\t\t\t<\/div>\n\t\t<\/div>\n\t\t\t\t\t<\/div>\n\t\t<\/section>\n\t\t\t\t<section class=\"elementor-section elementor-top-section elementor-element elementor-element-78ba5327 elementor-section-boxed elementor-section-height-default elementor-section-height-default\" data-id=\"78ba5327\" data-element_type=\"section\" data-e-type=\"section\" data-settings=\"{&quot;background_background&quot;:&quot;classic&quot;}\">\n\t\t\t\t\t\t\t<div class=\"elementor-background-overlay\"><\/div>\n\t\t\t\t\t\t\t<div class=\"elementor-container elementor-column-gap-default\">\n\t\t\t\t\t<div class=\"elementor-column elementor-col-100 elementor-top-column elementor-element elementor-element-184535fe\" data-id=\"184535fe\" data-element_type=\"column\" data-e-type=\"column\">\n\t\t\t<div class=\"elementor-widget-wrap elementor-element-populated\">\n\t\t\t\t\t\t<section class=\"elementor-section elementor-inner-section elementor-element elementor-element-5e3a1953 elementor-section-boxed elementor-section-height-default elementor-section-height-default\" data-id=\"5e3a1953\" data-element_type=\"section\" data-e-type=\"section\">\n\t\t\t\t\t\t<div class=\"elementor-container elementor-column-gap-default\">\n\t\t\t\t\t<div class=\"elementor-column elementor-col-100 elementor-inner-column elementor-element elementor-element-1260aed0\" data-id=\"1260aed0\" data-element_type=\"column\" data-e-type=\"column\" data-settings=\"{&quot;background_background&quot;:&quot;classic&quot;}\">\n\t\t\t<div class=\"elementor-widget-wrap elementor-element-populated\">\n\t\t\t\t\t\t<div class=\"elementor-element elementor-element-12f1e94f elementor-widget elementor-widget-heading\" data-id=\"12f1e94f\" data-element_type=\"widget\" data-e-type=\"widget\" data-widget_type=\"heading.default\">\n\t\t\t\t<div class=\"elementor-widget-container\">\n\t\t\t\t\t<span class=\"elementor-heading-title elementor-size-default\">Hacer el mundo un poco m\u00e1s seguro...<\/span>\t\t\t\t<\/div>\n\t\t\t\t<\/div>\n\t\t\t\t<div class=\"elementor-element elementor-element-8af1078 elementor-widget elementor-widget-text-editor\" data-id=\"8af1078\" data-element_type=\"widget\" data-e-type=\"widget\" data-widget_type=\"text-editor.default\">\n\t\t\t\t<div class=\"elementor-widget-container\">\n\t\t\t\t\t\t\t\t\t<p>\u00bfTiene alguna pregunta o est\u00e1 buscando un producto para sus necesidades?<br \/>Estaremos encantados de ayudarle y asesorarle todos los d\u00edas.<\/p>\n\t\t\t\t\t\t\t\t<\/div>\n\t\t\t\t<\/div>\n\t\t\t\t\t<\/div>\n\t\t<\/div>\n\t\t\t\t\t<\/div>\n\t\t<\/section>\n\t\t\t\t\t<\/div>\n\t\t<\/div>\n\t\t\t\t\t<\/div>\n\t\t<\/section>\n\t\t<div class=\"elementor-element elementor-element-2a46967b e-flex e-con-boxed e-con e-parent\" data-id=\"2a46967b\" data-element_type=\"container\" data-e-type=\"container\" data-settings=\"{&quot;background_background&quot;:&quot;classic&quot;}\">\n\t\t\t\t\t<div class=\"e-con-inner\">\n\t\t<div class=\"elementor-element elementor-element-6bdfc65e e-con-full e-flex e-con e-child\" data-id=\"6bdfc65e\" data-element_type=\"container\" data-e-type=\"container\">\n\t\t\t\t<div class=\"elementor-element elementor-element-2b288aa2 elementor-widget elementor-widget-text-editor\" data-id=\"2b288aa2\" data-element_type=\"widget\" data-e-type=\"widget\" data-widget_type=\"text-editor.default\">\n\t\t\t\t<div class=\"elementor-widget-container\">\n\t\t\t\t\t\t\t\t\t<p>Medigura GmbH<br \/>Herrenpfad-Sur 9<br \/>41334 Nettetal<br \/>Tel: +49 (0) 2157 143 81 70<br \/>Fax: +49 (0) 2157 126 14 82<br \/>info@medigura.com<\/p>\n\t\t\t\t\t\t\t\t<\/div>\n\t\t\t\t<\/div>\n\t\t\t\t<\/div>\n\t\t<div class=\"elementor-element elementor-element-47288e44 e-con-full e-flex e-con e-child\" data-id=\"47288e44\" data-element_type=\"container\" data-e-type=\"container\">\n\t\t\t\t<div class=\"elementor-element elementor-element-6de8d97c elementor-widget elementor-widget-google_maps\" data-id=\"6de8d97c\" data-element_type=\"widget\" data-e-type=\"widget\" data-widget_type=\"google_maps.default\">\n\t\t\t\t<div class=\"elementor-widget-container\">\n\t\t\t\t\t\t\t<div class=\"elementor-custom-embed\">\n\t\t\t<iframe loading=\"lazy\"\n\t\t\t\t\tsrc=\"https:\/\/maps.google.com\/maps?q=Medigura%20GmbH&#038;t=m&#038;z=10&#038;output=embed&#038;iwloc=near\"\n\t\t\t\t\ttitle=\"Medigura GmbH\"\n\t\t\t\t\taria-label=\"Medigura GmbH\"\n\t\t\t><\/iframe>\n\t\t<\/div>\n\t\t\t\t\t\t<\/div>\n\t\t\t\t<\/div>\n\t\t\t\t<\/div>\n\t\t\t\t\t<\/div>\n\t\t\t\t<\/div>\n\t\t\t\t<\/div>\n\t\t","protected":false},"excerpt":{"rendered":"<p>Qui\u00e9nes somos Qui\u00e9nes somos Medigura es un grupo mundial de fabricantes de diversos productos de tecnolog\u00eda m\u00e9dica, EPI y tecnolog\u00eda de laboratorio, as\u00ed como de materias primas farmac\u00e9uticas. Gracias a nuestro amplio posicionamiento global, Medigura est\u00e1 siempre en condiciones de satisfacer incluso los requisitos m\u00e1s individuales de los clientes. Medigura tiene acceso a un sistema [&hellip;]<\/p>\n","protected":false},"author":1,"featured_media":0,"parent":0,"menu_order":0,"comment_status":"closed","ping_status":"closed","template":"elementor_header_footer","meta":{"footnotes":""},"class_list":["post-679","page","type-page","status-publish","hentry","entry"],"_links":{"self":[{"href":"https:\/\/medigura.com\/es\/wp-json\/wp\/v2\/pages\/679","targetHints":{"allow":["GET"]}}],"collection":[{"href":"https:\/\/medigura.com\/es\/wp-json\/wp\/v2\/pages"}],"about":[{"href":"https:\/\/medigura.com\/es\/wp-json\/wp\/v2\/types\/page"}],"author":[{"embeddable":true,"href":"https:\/\/medigura.com\/es\/wp-json\/wp\/v2\/users\/1"}],"replies":[{"embeddable":true,"href":"https:\/\/medigura.com\/es\/wp-json\/wp\/v2\/comments?post=679"}],"version-history":[{"count":2,"href":"https:\/\/medigura.com\/es\/wp-json\/wp\/v2\/pages\/679\/revisions"}],"predecessor-version":[{"id":682,"href":"https:\/\/medigura.com\/es\/wp-json\/wp\/v2\/pages\/679\/revisions\/682"}],"wp:attachment":[{"href":"https:\/\/medigura.com\/es\/wp-json\/wp\/v2\/media?parent=679"}],"curies":[{"name":"wp","href":"https:\/\/api.w.org\/{rel}","templated":true}]}}